{"id":664,"date":"2021-01-23T13:05:52","date_gmt":"2021-01-23T12:05:52","guid":{"rendered":"http:\/\/www.svecescozzai.eu\/?page_id=664"},"modified":"2021-01-26T13:00:26","modified_gmt":"2021-01-26T12:00:26","slug":"chi-siamo","status":"publish","type":"page","link":"https:\/\/www.svecescozzai.eu\/it\/chi-siamo\/","title":{"rendered":"Chi siamo"},"content":{"rendered":"<p class=\"has-text-align-center\">Siamo un&#8217;azienda con pi\u00f9 di 20 anni di tradizione nella produzione di lumini e lampade votive di qualit\u00e0. Oltre alle classiche lampade votivi, il nostro assortimento comprende un&#8217;ampia selezione di lumini eletronici, candele decorative e profumate. Siamo presenti sia sul mercato nazionale che sul mercato Italiano in Friuli Venezia Giulia. Ci distinguiamo soprattutto per prodotti di qualit\u00e0, flessibilit\u00e0 e tempi di consegna brevi. In base a cio negli anni abbiamo conquistato la fiducia di molti clienti, dai negozi pi\u00f9 piccoli alle societ\u00e0 commerciali importanti.<\/p><p class=\"has-text-align-center\">I lumini sono prodotti con cere di alta qualit\u00e0, con bassisima percentuale di olio. Ci\u00f2 garantisce una combustione completa con emissioni minime. Inoltre, le candele vengono adattate alla singola stagione con un&#8217;attenta selezione di cera e stoppini adeguati.<\/p>","protected":false},"excerpt":{"rendered":"<p>Siamo un&#8217;azienda con pi\u00f9 di 20 anni di tradizione nella produzione di lumini e lampade votive di qualit\u00e0. Oltre alle classiche lampade votivi, il nostro assortimento comprende un&#8217;ampia selezione di lumini eletronici, candele decorative e profumate. Siamo presenti sia sul mercato nazionale che sul mercato Italiano in Friuli Venezia Giulia. Ci distinguiamo soprattutto per prodotti [&#8230;]\n","protected":false},"author":1,"featured_media":0,"parent":0,"menu_order":0,"comment_status":"closed","ping_status":"closed","template":"page-blank-title-center.php","meta":{"inline_featured_image":false,"footnotes":""},"class_list":["post-664","page","type-page","status-publish","hentry"],"yoast_head":"<!-- This site is optimized with the Yoast SEO plugin v24.8.1 - https:\/\/yoast.com\/wordpress\/plugins\/seo\/ -->\n<title>Chi siamo - Sve\u010de Scozzai<\/title>\n<meta name=\"robots\" content=\"index, follow, max-snippet:-1, max-image-preview:large, max-video-preview:-1\" \/>\n<link rel=\"canonical\" href=\"https:\/\/www.svecescozzai.eu\/it\/chi-siamo\/\" \/>\n<meta property=\"og:locale\" content=\"it_IT\" \/>\n<meta property=\"og:type\" content=\"article\" \/>\n<meta property=\"og:title\" content=\"Chi siamo - Sve\u010de Scozzai\" \/>\n<meta property=\"og:description\" content=\"Siamo un&#8217;azienda con pi\u00f9 di 20 anni di tradizione nella produzione di lumini e lampade votive di qualit\u00e0. Oltre alle classiche lampade votivi, il nostro assortimento comprende un&#8217;ampia selezione di lumini eletronici, candele decorative e profumate. Siamo presenti sia sul mercato nazionale che sul mercato Italiano in Friuli Venezia Giulia. Ci distinguiamo soprattutto per prodotti [...]\" \/>\n<meta property=\"og:url\" content=\"https:\/\/www.svecescozzai.eu\/it\/chi-siamo\/\" \/>\n<meta property=\"og:site_name\" content=\"Sve\u010de Scozzai\" \/>\n<meta property=\"article:modified_time\" content=\"2021-01-26T12:00:26+00:00\" \/>\n<meta name=\"twitter:card\" content=\"summary_large_image\" \/>\n<meta name=\"twitter:label1\" content=\"Tempo di lettura stimato\" \/>\n\t<meta name=\"twitter:data1\" content=\"1 minuto\" \/>\n<script type=\"application\/ld+json\" class=\"yoast-schema-graph\">{\"@context\":\"https:\/\/schema.org\",\"@graph\":[{\"@type\":\"WebPage\",\"@id\":\"https:\/\/www.svecescozzai.eu\/it\/chi-siamo\/\",\"url\":\"https:\/\/www.svecescozzai.eu\/it\/chi-siamo\/\",\"name\":\"Chi siamo - Sve\u010de Scozzai\",\"isPartOf\":{\"@id\":\"https:\/\/www.svecescozzai.eu\/#website\"},\"datePublished\":\"2021-01-23T12:05:52+00:00\",\"dateModified\":\"2021-01-26T12:00:26+00:00\",\"breadcrumb\":{\"@id\":\"https:\/\/www.svecescozzai.eu\/it\/chi-siamo\/#breadcrumb\"},\"inLanguage\":\"it-IT\",\"potentialAction\":[{\"@type\":\"ReadAction\",\"target\":[\"https:\/\/www.svecescozzai.eu\/it\/chi-siamo\/\"]}]},{\"@type\":\"BreadcrumbList\",\"@id\":\"https:\/\/www.svecescozzai.eu\/it\/chi-siamo\/#breadcrumb\",\"itemListElement\":[{\"@type\":\"ListItem\",\"position\":1,\"name\":\"Home\",\"item\":\"https:\/\/www.svecescozzai.eu\/it\/\"},{\"@type\":\"ListItem\",\"position\":2,\"name\":\"Chi siamo\"}]},{\"@type\":\"WebSite\",\"@id\":\"https:\/\/www.svecescozzai.eu\/#website\",\"url\":\"https:\/\/www.svecescozzai.eu\/\",\"name\":\"Sve\u010de Scozzai\",\"description\":\"\",\"publisher\":{\"@id\":\"https:\/\/www.svecescozzai.eu\/#organization\"},\"potentialAction\":[{\"@type\":\"SearchAction\",\"target\":{\"@type\":\"EntryPoint\",\"urlTemplate\":\"https:\/\/www.svecescozzai.eu\/?s={search_term_string}\"},\"query-input\":{\"@type\":\"PropertyValueSpecification\",\"valueRequired\":true,\"valueName\":\"search_term_string\"}}],\"inLanguage\":\"it-IT\"},{\"@type\":\"Organization\",\"@id\":\"https:\/\/www.svecescozzai.eu\/#organization\",\"name\":\"Sve\u010de Scozzai\",\"url\":\"https:\/\/www.svecescozzai.eu\/\",\"logo\":{\"@type\":\"ImageObject\",\"inLanguage\":\"it-IT\",\"@id\":\"https:\/\/www.svecescozzai.eu\/#\/schema\/logo\/image\/\",\"url\":\"https:\/\/www.svecescozzai.eu\/wp-content\/uploads\/2020\/12\/scozzai-logo_1.svg\",\"contentUrl\":\"https:\/\/www.svecescozzai.eu\/wp-content\/uploads\/2020\/12\/scozzai-logo_1.svg\",\"width\":558,\"height\":141,\"caption\":\"Sve\u010de Scozzai\"},\"image\":{\"@id\":\"https:\/\/www.svecescozzai.eu\/#\/schema\/logo\/image\/\"}}]}<\/script>\n<!-- \/ Yoast SEO plugin. -->","yoast_head_json":{"title":"Chi siamo - Sve\u010de Scozzai","robots":{"index":"index","follow":"follow","max-snippet":"max-snippet:-1","max-image-preview":"max-image-preview:large","max-video-preview":"max-video-preview:-1"},"canonical":"https:\/\/www.svecescozzai.eu\/it\/chi-siamo\/","og_locale":"it_IT","og_type":"article","og_title":"Chi siamo - Sve\u010de Scozzai","og_description":"Siamo un&#8217;azienda con pi\u00f9 di 20 anni di tradizione nella produzione di lumini e lampade votive di qualit\u00e0. Oltre alle classiche lampade votivi, il nostro assortimento comprende un&#8217;ampia selezione di lumini eletronici, candele decorative e profumate. Siamo presenti sia sul mercato nazionale che sul mercato Italiano in Friuli Venezia Giulia. Ci distinguiamo soprattutto per prodotti [...]","og_url":"https:\/\/www.svecescozzai.eu\/it\/chi-siamo\/","og_site_name":"Sve\u010de Scozzai","article_modified_time":"2021-01-26T12:00:26+00:00","twitter_card":"summary_large_image","twitter_misc":{"Tempo di lettura stimato":"1 minuto"},"schema":{"@context":"https:\/\/schema.org","@graph":[{"@type":"WebPage","@id":"https:\/\/www.svecescozzai.eu\/it\/chi-siamo\/","url":"https:\/\/www.svecescozzai.eu\/it\/chi-siamo\/","name":"Chi siamo - Sve\u010de Scozzai","isPartOf":{"@id":"https:\/\/www.svecescozzai.eu\/#website"},"datePublished":"2021-01-23T12:05:52+00:00","dateModified":"2021-01-26T12:00:26+00:00","breadcrumb":{"@id":"https:\/\/www.svecescozzai.eu\/it\/chi-siamo\/#breadcrumb"},"inLanguage":"it-IT","potentialAction":[{"@type":"ReadAction","target":["https:\/\/www.svecescozzai.eu\/it\/chi-siamo\/"]}]},{"@type":"BreadcrumbList","@id":"https:\/\/www.svecescozzai.eu\/it\/chi-siamo\/#breadcrumb","itemListElement":[{"@type":"ListItem","position":1,"name":"Home","item":"https:\/\/www.svecescozzai.eu\/it\/"},{"@type":"ListItem","position":2,"name":"Chi siamo"}]},{"@type":"WebSite","@id":"https:\/\/www.svecescozzai.eu\/#website","url":"https:\/\/www.svecescozzai.eu\/","name":"Sve\u010de Scozzai","description":"","publisher":{"@id":"https:\/\/www.svecescozzai.eu\/#organization"},"potentialAction":[{"@type":"SearchAction","target":{"@type":"EntryPoint","urlTemplate":"https:\/\/www.svecescozzai.eu\/?s={search_term_string}"},"query-input":{"@type":"PropertyValueSpecification","valueRequired":true,"valueName":"search_term_string"}}],"inLanguage":"it-IT"},{"@type":"Organization","@id":"https:\/\/www.svecescozzai.eu\/#organization","name":"Sve\u010de Scozzai","url":"https:\/\/www.svecescozzai.eu\/","logo":{"@type":"ImageObject","inLanguage":"it-IT","@id":"https:\/\/www.svecescozzai.eu\/#\/schema\/logo\/image\/","url":"https:\/\/www.svecescozzai.eu\/wp-content\/uploads\/2020\/12\/scozzai-logo_1.svg","contentUrl":"https:\/\/www.svecescozzai.eu\/wp-content\/uploads\/2020\/12\/scozzai-logo_1.svg","width":558,"height":141,"caption":"Sve\u010de Scozzai"},"image":{"@id":"https:\/\/www.svecescozzai.eu\/#\/schema\/logo\/image\/"}}]}},"_links":{"self":[{"href":"https:\/\/www.svecescozzai.eu\/it\/wp-json\/wp\/v2\/pages\/664","targetHints":{"allow":["GET"]}}],"collection":[{"href":"https:\/\/www.svecescozzai.eu\/it\/wp-json\/wp\/v2\/pages"}],"about":[{"href":"https:\/\/www.svecescozzai.eu\/it\/wp-json\/wp\/v2\/types\/page"}],"author":[{"embeddable":true,"href":"https:\/\/www.svecescozzai.eu\/it\/wp-json\/wp\/v2\/users\/1"}],"replies":[{"embeddable":true,"href":"https:\/\/www.svecescozzai.eu\/it\/wp-json\/wp\/v2\/comments?post=664"}],"version-history":[{"count":3,"href":"https:\/\/www.svecescozzai.eu\/it\/wp-json\/wp\/v2\/pages\/664\/revisions"}],"predecessor-version":[{"id":791,"href":"https:\/\/www.svecescozzai.eu\/it\/wp-json\/wp\/v2\/pages\/664\/revisions\/791"}],"wp:attachment":[{"href":"https:\/\/www.svecescozzai.eu\/it\/wp-json\/wp\/v2\/media?parent=664"}],"curies":[{"name":"wp","href":"https:\/\/api.w.org\/{rel}","templated":true}]}}